{"id":15,"date":"2019-05-01T03:43:49","date_gmt":"2019-05-01T03:43:49","guid":{"rendered":"http:\/\/espanol.fundacionlanin33.org.ar\/?page_id=15"},"modified":"2026-02-15T18:27:42","modified_gmt":"2026-02-15T18:27:42","slug":"libro","status":"publish","type":"page","link":"https:\/\/espanol.fundacionlanin33.org.ar\/?page_id=15","title":{"rendered":"Libro Online"},"content":{"rendered":"\t\t<div data-elementor-type=\"wp-post\" data-elementor-id=\"15\" class=\"elementor elementor-15\" data-elementor-post-type=\"page\">\n\t\t\t\t\t\t<section class=\"elementor-section elementor-top-section elementor-element elementor-element-bcaef9c elementor-section-boxed elementor-section-height-default elementor-section-height-default\" data-id=\"bcaef9c\" data-element_type=\"section\" data-e-type=\"section\">\n\t\t\t\t\t\t<div class=\"elementor-container elementor-column-gap-default\">\n\t\t\t\t\t<div class=\"elementor-column elementor-col-100 elementor-top-column elementor-element elementor-element-b04056e\" data-id=\"b04056e\" data-element_type=\"column\" data-e-type=\"column\">\n\t\t\t<div class=\"elementor-widget-wrap elementor-element-populated\">\n\t\t\t\t\t\t<div class=\"elementor-element elementor-element-06e57d7 elementor-widget elementor-widget-text-editor\" data-id=\"06e57d7\" data-element_type=\"widget\" data-e-type=\"widget\" data-widget_type=\"text-editor.default\">\n\t\t\t\t<div class=\"elementor-widget-container\">\n\t\t\t\t\t\t\t\t\t<div style=\"margin: 8px 0px 4px;\">\n<h2><a href=\"https:\/\/www.calameo.com\/books\/006957549d83ae01f55d1\" target=\"_blank\" rel=\"noopener\">Meditaci\u00f3n, sanaci\u00f3n espiritual y ascensi\u00f3n planetaria<\/a><\/h2>\n<\/div>\n<h1 style=\"text-align: center;\"><iframe style=\"margin: 0 auto;\" src=\"\/\/v.calameo.com\/?bkcode=006957549d83ae01f55d1&amp;mode=mini\" width=\"480\" height=\"300\" frameborder=\"0\" scrolling=\"no\" allowfullscreen=\"allowfullscreen\"><\/iframe><\/h1>\n<div style=\"margin: 4px 0px 8px;\">\u00a0<\/div>\n<p>.<\/p>\t\t\t\t\t\t\t\t<\/div>\n\t\t\t\t<\/div>\n\t\t\t\t\t<\/div>\n\t\t<\/div>\n\t\t\t\t\t<\/div>\n\t\t<\/section>\n\t\t\t\t<section class=\"elementor-section elementor-top-section elementor-element elementor-element-eed2ef5 elementor-section-boxed elementor-section-height-default elementor-section-height-default\" data-id=\"eed2ef5\" data-element_type=\"section\" data-e-type=\"section\">\n\t\t\t\t\t\t<div class=\"elementor-container elementor-column-gap-default\">\n\t\t\t\t\t<div class=\"elementor-column elementor-col-100 elementor-top-column elementor-element elementor-element-8bbc110\" data-id=\"8bbc110\" data-element_type=\"column\" data-e-type=\"column\">\n\t\t\t<div class=\"elementor-widget-wrap elementor-element-populated\">\n\t\t\t\t\t\t<div class=\"elementor-element elementor-element-4af5fb0 elementor-widget elementor-widget-image\" data-id=\"4af5fb0\" data-element_type=\"widget\" data-e-type=\"widget\" data-widget_type=\"image.default\">\n\t\t\t\t<div class=\"elementor-widget-container\">\n\t\t\t\t\t\t\t\t\t\t\t\t\t\t\t<img fetchpriority=\"high\" decoding=\"async\" width=\"768\" height=\"379\" src=\"https:\/\/espanol.fundacionlanin33.org.ar\/wp-content\/uploads\/2026\/02\/Ensayo-Libro--768x379.jpeg\" class=\"attachment-medium_large size-medium_large wp-image-3875\" alt=\"\" srcset=\"https:\/\/espanol.fundacionlanin33.org.ar\/wp-content\/uploads\/2026\/02\/Ensayo-Libro--768x379.jpeg 768w, https:\/\/espanol.fundacionlanin33.org.ar\/wp-content\/uploads\/2026\/02\/Ensayo-Libro--300x148.jpeg 300w, https:\/\/espanol.fundacionlanin33.org.ar\/wp-content\/uploads\/2026\/02\/Ensayo-Libro--1024x505.jpeg 1024w, https:\/\/espanol.fundacionlanin33.org.ar\/wp-content\/uploads\/2026\/02\/Ensayo-Libro--1536x757.jpeg 1536w, https:\/\/espanol.fundacionlanin33.org.ar\/wp-content\/uploads\/2026\/02\/Ensayo-Libro-.jpeg 1600w\" sizes=\"(max-width: 768px) 100vw, 768px\" \/>\t\t\t\t\t\t\t\t\t\t\t\t\t\t\t<\/div>\n\t\t\t\t<\/div>\n\t\t\t\t<div class=\"elementor-element elementor-element-fac6127 elementor-widget__width-initial elementor-widget elementor-widget-text-editor\" data-id=\"fac6127\" data-element_type=\"widget\" data-e-type=\"widget\" data-widget_type=\"text-editor.default\">\n\t\t\t\t<div class=\"elementor-widget-container\">\n\t\t\t\t\t\t\t\t\t<p><a href=\"https:\/\/www.calameo.com\/subscriptions\/7016607\">https:\/\/www.calameo.com\/subscriptions\/7016607<\/a><\/p>\t\t\t\t\t\t\t\t<\/div>\n\t\t\t\t<\/div>\n\t\t\t\t\t<\/div>\n\t\t<\/div>\n\t\t\t\t\t<\/div>\n\t\t<\/section>\n\t\t\t\t<section class=\"elementor-section elementor-top-section elementor-element elementor-element-23f60c1 elementor-section-boxed elementor-section-height-default elementor-section-height-default\" data-id=\"23f60c1\" data-element_type=\"section\" data-e-type=\"section\">\n\t\t\t\t\t\t<div class=\"elementor-container elementor-column-gap-default\">\n\t\t\t\t\t<div class=\"elementor-column elementor-col-50 elementor-top-column elementor-element elementor-element-d253820\" data-id=\"d253820\" data-element_type=\"column\" data-e-type=\"column\">\n\t\t\t<div class=\"elementor-widget-wrap\">\n\t\t\t\t\t\t\t<\/div>\n\t\t<\/div>\n\t\t\t\t<div class=\"elementor-column elementor-col-50 elementor-top-column elementor-element elementor-element-d397f02\" data-id=\"d397f02\" data-element_type=\"column\" data-e-type=\"column\">\n\t\t\t<div class=\"elementor-widget-wrap\">\n\t\t\t\t\t\t\t<\/div>\n\t\t<\/div>\n\t\t\t\t\t<\/div>\n\t\t<\/section>\n\t\t\t\t<section class=\"elementor-section elementor-top-section elementor-element elementor-element-0c74976 elementor-section-boxed elementor-section-height-default elementor-section-height-default\" data-id=\"0c74976\" data-element_type=\"section\" data-e-type=\"section\">\n\t\t\t\t\t\t<div class=\"elementor-container elementor-column-gap-default\">\n\t\t\t\t\t<div class=\"elementor-column elementor-col-50 elementor-top-column elementor-element elementor-element-d216534\" data-id=\"d216534\" data-element_type=\"column\" data-e-type=\"column\">\n\t\t\t<div class=\"elementor-widget-wrap elementor-element-populated\">\n\t\t\t\t\t\t<div class=\"elementor-element elementor-element-dd15d15 elementor-widget elementor-widget-text-editor\" data-id=\"dd15d15\" data-element_type=\"widget\" data-e-type=\"widget\" data-widget_type=\"text-editor.default\">\n\t\t\t\t<div class=\"elementor-widget-container\">\n\t\t\t\t\t\t\t\t\t<p><span style=\"color: #2704b5;\">Este Libro contiene todo lo que necesitamos saber, a nivel espiritual, para vivir en Armon\u00eda, hasta irnos del planeta.<\/span><\/p>\n<p><span style=\"color: #2704b5;\"><!-- \/wp:paragraph --><!-- wp:paragraph --><\/span><\/p>\n<p><span style=\"color: #2704b5;\">\ud83d\udc9f Tambi\u00e9n lo pod\u00e9s leer gratis online en la plataforma Calam\u00e9o:\u00a0<a href=\"https:\/\/shorturl.at\/vGMQ1\">https:\/\/shorturl.at\/vGMQ1<\/a><\/span>\u00a0<\/p>\n<p>\u00a0<\/p>\t\t\t\t\t\t\t\t<\/div>\n\t\t\t\t<\/div>\n\t\t\t\t<div class=\"elementor-element elementor-element-4f73126 elementor-widget elementor-widget-image\" data-id=\"4f73126\" data-element_type=\"widget\" data-e-type=\"widget\" data-widget_type=\"image.default\">\n\t\t\t\t<div class=\"elementor-widget-container\">\n\t\t\t\t\t\t\t\t\t\t\t\t\t\t\t<img decoding=\"async\" width=\"425\" height=\"623\" src=\"https:\/\/espanol.fundacionlanin33.org.ar\/wp-content\/uploads\/2023\/07\/Libro-3-edit.png\" class=\"attachment-large size-large wp-image-2142\" alt=\"\" srcset=\"https:\/\/espanol.fundacionlanin33.org.ar\/wp-content\/uploads\/2023\/07\/Libro-3-edit.png 425w, https:\/\/espanol.fundacionlanin33.org.ar\/wp-content\/uploads\/2023\/07\/Libro-3-edit-205x300.png 205w\" sizes=\"(max-width: 425px) 100vw, 425px\" \/>\t\t\t\t\t\t\t\t\t\t\t\t\t\t\t<\/div>\n\t\t\t\t<\/div>\n\t\t\t\t\t<\/div>\n\t\t<\/div>\n\t\t\t\t<div class=\"elementor-column elementor-col-50 elementor-top-column elementor-element elementor-element-16e0359\" data-id=\"16e0359\" data-element_type=\"column\" data-e-type=\"column\">\n\t\t\t<div class=\"elementor-widget-wrap elementor-element-populated\">\n\t\t\t\t\t\t<div class=\"elementor-element elementor-element-746cd93 elementor-widget elementor-widget-image\" data-id=\"746cd93\" data-element_type=\"widget\" data-e-type=\"widget\" data-widget_type=\"image.default\">\n\t\t\t\t<div class=\"elementor-widget-container\">\n\t\t\t\t\t\t\t\t\t\t\t\t\t\t\t<img decoding=\"async\" width=\"1024\" height=\"166\" src=\"https:\/\/espanol.fundacionlanin33.org.ar\/wp-content\/uploads\/2025\/05\/libro-1024x166.png\" class=\"attachment-large size-large wp-image-3542\" alt=\"\" srcset=\"https:\/\/espanol.fundacionlanin33.org.ar\/wp-content\/uploads\/2025\/05\/libro-1024x166.png 1024w, https:\/\/espanol.fundacionlanin33.org.ar\/wp-content\/uploads\/2025\/05\/libro-300x49.png 300w, https:\/\/espanol.fundacionlanin33.org.ar\/wp-content\/uploads\/2025\/05\/libro-768x125.png 768w, https:\/\/espanol.fundacionlanin33.org.ar\/wp-content\/uploads\/2025\/05\/libro-1536x249.png 1536w, https:\/\/espanol.fundacionlanin33.org.ar\/wp-content\/uploads\/2025\/05\/libro-2048x332.png 2048w, https:\/\/espanol.fundacionlanin33.org.ar\/wp-content\/uploads\/2025\/05\/libro.png 2127w\" sizes=\"(max-width: 1024px) 100vw, 1024px\" \/>\t\t\t\t\t\t\t\t\t\t\t\t\t\t\t<\/div>\n\t\t\t\t<\/div>\n\t\t\t\t<div class=\"elementor-element elementor-element-38dbd43 elementor-widget elementor-widget-image\" data-id=\"38dbd43\" data-element_type=\"widget\" data-e-type=\"widget\" data-widget_type=\"image.default\">\n\t\t\t\t<div class=\"elementor-widget-container\">\n\t\t\t\t\t\t\t\t\t\t\t\t\t\t\t<img loading=\"lazy\" decoding=\"async\" width=\"724\" height=\"1024\" src=\"https:\/\/espanol.fundacionlanin33.org.ar\/wp-content\/uploads\/2026\/02\/Flyer-Libro-en-bibliotecas-724x1024.png\" class=\"attachment-large size-large wp-image-3874\" alt=\"\" srcset=\"https:\/\/espanol.fundacionlanin33.org.ar\/wp-content\/uploads\/2026\/02\/Flyer-Libro-en-bibliotecas-724x1024.png 724w, https:\/\/espanol.fundacionlanin33.org.ar\/wp-content\/uploads\/2026\/02\/Flyer-Libro-en-bibliotecas-212x300.png 212w, https:\/\/espanol.fundacionlanin33.org.ar\/wp-content\/uploads\/2026\/02\/Flyer-Libro-en-bibliotecas-768x1086.png 768w, https:\/\/espanol.fundacionlanin33.org.ar\/wp-content\/uploads\/2026\/02\/Flyer-Libro-en-bibliotecas-1086x1536.png 1086w, https:\/\/espanol.fundacionlanin33.org.ar\/wp-content\/uploads\/2026\/02\/Flyer-Libro-en-bibliotecas-1448x2048.png 1448w, https:\/\/espanol.fundacionlanin33.org.ar\/wp-content\/uploads\/2026\/02\/Flyer-Libro-en-bibliotecas.png 1587w\" sizes=\"(max-width: 724px) 100vw, 724px\" \/>\t\t\t\t\t\t\t\t\t\t\t\t\t\t\t<\/div>\n\t\t\t\t<\/div>\n\t\t\t\t<div class=\"elementor-element elementor-element-a0fb6ba elementor-widget elementor-widget-text-editor\" data-id=\"a0fb6ba\" data-element_type=\"widget\" data-e-type=\"widget\" data-widget_type=\"text-editor.default\">\n\t\t\t\t<div class=\"elementor-widget-container\">\n\t\t\t\t\t\t\t\t\t<p><span style=\"color: #2704b5;\"><span class=\"_5mfr\"><span class=\"_6qdm\">\ud83d\udc9f<\/span><\/span>\u00a0Si quer\u00e9s que est\u00e9 disponible en la biblioteca de tu ciudad, comunicate con\u00a0<a class=\"profileLink\" style=\"color: #2704b5;\" title=\"Alicia Muleiro\" href=\"https:\/\/business.facebook.com\/alimuleiro?__tn__=K-R&amp;eid=ARCBdCkAOwELcYZWp1BkMwBnmhyC5PHOlluoupUrk_r4jkRaAsF_o7rfdhd1XaB_xJNeSDId4wdtH624&amp;fref=mentions&amp;__xts__%5B0%5D=68.ARCU9YGeG_b_cCgpzN_dN3S1RwnOInEU5kcP35pp_LVAYlMzyhN90Zk5zP37loGbtT2ig1QQhK6lW_8MJrO_YzG3JanchAn1QRehjpaXzuYWhIOZIT8JElV0Feekk1yu9oi7TFLahboANsf_riuB6Pfe13W0ZZLHKMArqUldmMgeXS9jNwf5QVun_DzRXstuXQoJINJbHG4gjtJQIS6RxwJppmbq4UTNMrUrN2a0cNe_osJ6BNAHie6RqChMymQ9eDubgYgaAkKc_ksR3ija3OtyM__hTZCw4Ncbt2bTLcI01oaZaX0NLA\" data-hovercard=\"\/ajax\/hovercard\/user.php?id=1192915172&amp;extragetparams=%7B%22__tn__%22%3A%22%2CdK-R-R%22%2C%22eid%22%3A%22ARCBdCkAOwELcYZWp1BkMwBnmhyC5PHOlluoupUrk_r4jkRaAsF_o7rfdhd1XaB_xJNeSDId4wdtH624%22%2C%22fref%22%3A%22mentions%22%7D\" data-hovercard-prefer-more-content-show=\"1\">Alicia Muleiro<\/a> al\u00a0<span class=\"_5mfr\"><span class=\"_6qdm\">\ud83d\udcf2<\/span><\/span>\u00a0(+549) 2323<\/span> <span style=\"color: #2704b5;\">526 253 (WhatsApp)<\/span><\/p>\t\t\t\t\t\t\t\t<\/div>\n\t\t\t\t<\/div>\n\t\t\t\t\t<\/div>\n\t\t<\/div>\n\t\t\t\t\t<\/div>\n\t\t<\/section>\n\t\t\t\t<\/div>\n\t\t","protected":false},"excerpt":{"rendered":"<p>Meditaci\u00f3n, sanaci\u00f3n espiritual y ascensi\u00f3n planetaria \u00a0 . Este Libro contiene todo lo que necesitamos saber, a nivel espiritual, para vivir en Armon\u00eda, hasta irnos del planeta. &#x1f49f; Tambi\u00e9n lo pod\u00e9s leer gratis online en la plataforma Calam\u00e9o:\u00a0https:\/\/shorturl.at\/vGMQ1\u00a0 &#x1f49f; Pod\u00e9s &hellip; <a href=\"https:\/\/espanol.fundacionlanin33.org.ar\/?page_id=15\">Continued<\/a><\/p>\n","protected":false},"author":1,"featured_media":0,"parent":0,"menu_order":0,"comment_status":"closed","ping_status":"closed","template":"page-fullwidth.php","meta":{"footnotes":""},"class_list":["post-15","page","type-page","status-publish","hentry"],"_links":{"self":[{"href":"https:\/\/espanol.fundacionlanin33.org.ar\/index.php?rest_route=\/wp\/v2\/pages\/15","targetHints":{"allow":["GET"]}}],"collection":[{"href":"https:\/\/espanol.fundacionlanin33.org.ar\/index.php?rest_route=\/wp\/v2\/pages"}],"about":[{"href":"https:\/\/espanol.fundacionlanin33.org.ar\/index.php?rest_route=\/wp\/v2\/types\/page"}],"author":[{"embeddable":true,"href":"https:\/\/espanol.fundacionlanin33.org.ar\/index.php?rest_route=\/wp\/v2\/users\/1"}],"replies":[{"embeddable":true,"href":"https:\/\/espanol.fundacionlanin33.org.ar\/index.php?rest_route=%2Fwp%2Fv2%2Fcomments&post=15"}],"version-history":[{"count":84,"href":"https:\/\/espanol.fundacionlanin33.org.ar\/index.php?rest_route=\/wp\/v2\/pages\/15\/revisions"}],"predecessor-version":[{"id":3879,"href":"https:\/\/espanol.fundacionlanin33.org.ar\/index.php?rest_route=\/wp\/v2\/pages\/15\/revisions\/3879"}],"wp:attachment":[{"href":"https:\/\/espanol.fundacionlanin33.org.ar\/index.php?rest_route=%2Fwp%2Fv2%2Fmedia&parent=15"}],"curies":[{"name":"wp","href":"https:\/\/api.w.org\/{rel}","templated":true}]}}